{"id":18,"date":"2024-01-22T18:12:30","date_gmt":"2024-01-22T17:12:30","guid":{"rendered":"https:\/\/osadamiodmalina.pl\/?page_id=18"},"modified":"2025-04-16T13:38:06","modified_gmt":"2025-04-16T11:38:06","slug":"atrakcje","status":"publish","type":"page","link":"https:\/\/osadamiodmalina.pl\/index.php\/atrakcje\/","title":{"rendered":"Atrakcje"},"content":{"rendered":"\t\t<div data-elementor-type=\"wp-page\" data-elementor-id=\"18\" class=\"elementor elementor-18\">\n\t\t\t\t<div class=\"elementor-element elementor-element-2c34b5f e-flex e-con-boxed e-con e-parent\" data-id=\"2c34b5f\" data-element_type=\"container\" data-e-type=\"container\" data-settings=\"{&quot;background_background&quot;:&quot;classic&quot;}\">\n\t\t\t\t\t<div class=\"e-con-inner\">\n\t\t\t\t<div class=\"elementor-element elementor-element-a08c4fb elementor-widget elementor-widget-heading\" data-id=\"a08c4fb\" data-element_type=\"widget\" data-e-type=\"widget\" data-widget_type=\"heading.default\">\n\t\t\t\t<div class=\"elementor-widget-container\">\n\t\t\t\t\t<h1 class=\"elementor-heading-title elementor-size-default\">MI\u00d3D MALINA<\/h1>\t\t\t\t<\/div>\n\t\t\t\t<\/div>\n\t\t\t\t<div class=\"elementor-element elementor-element-63898bd elementor-widget elementor-widget-heading\" data-id=\"63898bd\" data-element_type=\"widget\" data-e-type=\"widget\" data-widget_type=\"heading.default\">\n\t\t\t\t<div class=\"elementor-widget-container\">\n\t\t\t\t\t<h5 class=\"elementor-heading-title elementor-size-default\">OSADA ISTEBNA<\/h5>\t\t\t\t<\/div>\n\t\t\t\t<\/div>\n\t\t\t\t<div class=\"elementor-element elementor-element-d5fafb9 elementor-align-center elementor-widget elementor-widget-elementskit-button\" data-id=\"d5fafb9\" data-element_type=\"widget\" data-e-type=\"widget\" data-widget_type=\"elementskit-button.default\">\n\t\t\t\t<div class=\"elementor-widget-container\">\n\t\t\t\t\t<div class=\"ekit-wid-con\" >\t\t<div class=\"ekit-btn-wraper\">\n\t\t\t\t\t\t\t<a href=\"#atrakcje\" class=\"elementskit-btn  whitespace--normal\" id=\"\">\n\t\t\t\t\tZOBACZ WI\u0118CEJ\t\t\t\t<\/a>\n\t\t\t\t\t<\/div>\n        <\/div>\t\t\t\t<\/div>\n\t\t\t\t<\/div>\n\t\t\t\t\t<\/div>\n\t\t\t\t<\/div>\n\t\t<div class=\"elementor-element elementor-element-94d9615 e-flex e-con-boxed e-con e-parent\" data-id=\"94d9615\" data-element_type=\"container\" data-e-type=\"container\" id=\"atrakcje\">\n\t\t\t\t\t<div class=\"e-con-inner\">\n\t\t<div class=\"elementor-element elementor-element-5abfaa4 e-con-full e-flex e-con e-child\" data-id=\"5abfaa4\" data-element_type=\"container\" data-e-type=\"container\">\n\t\t\t\t<div class=\"elementor-element elementor-element-fc1ecd8 elementor-widget elementor-widget-heading\" data-id=\"fc1ecd8\" data-element_type=\"widget\" data-e-type=\"widget\" data-widget_type=\"heading.default\">\n\t\t\t\t<div class=\"elementor-widget-container\">\n\t\t\t\t\t<h2 class=\"elementor-heading-title elementor-size-default\">KULIGI<\/h2>\t\t\t\t<\/div>\n\t\t\t\t<\/div>\n\t\t\t\t<div class=\"elementor-element elementor-element-c4a4c85 elementor-view-default elementor-widget elementor-widget-icon\" data-id=\"c4a4c85\" data-element_type=\"widget\" data-e-type=\"widget\" data-widget_type=\"icon.default\">\n\t\t\t\t<div class=\"elementor-widget-container\">\n\t\t\t\t\t\t\t<div class=\"elementor-icon-wrapper\">\n\t\t\t<div class=\"elementor-icon\">\n\t\t\t<svg aria-hidden=\"true\" class=\"e-font-icon-svg e-fas-sleigh\" viewBox=\"0 0 640 512\" xmlns=\"http:\/\/www.w3.org\/2000\/svg\"><path d=\"M612.7 350.7l-9.3-7.4c-6.9-5.5-17-4.4-22.5 2.5l-10 12.5c-5.5 6.9-4.4 17 2.5 22.5l9.3 7.4c5.9 4.7 9.2 11.7 9.2 19.2 0 13.6-11 24.6-24.6 24.6H48c-8.8 0-16 7.2-16 16v16c0 8.8 7.2 16 16 16h516c39 0 73.7-29.3 75.9-68.3 1.4-23.8-8.7-46.3-27.2-61zM32 224c0 59.6 40.9 109.2 96 123.5V400h64v-48h192v48h64v-48c53 0 96-43 96-96v-96c17.7 0 32-14.3 32-32s-14.3-32-32-32h-96v64c0 35.3-28.7 64-64 64h-20.7c-65.8 0-125.9-37.2-155.3-96-29.4-58.8-89.6-96-155.3-96H32C14.3 32 0 46.3 0 64s14.3 32 32 32v128z\"><\/path><\/svg>\t\t\t<\/div>\n\t\t<\/div>\n\t\t\t\t\t\t<\/div>\n\t\t\t\t<\/div>\n\t\t\t\t<\/div>\n\t\t<div class=\"elementor-element elementor-element-b3ea913 e-con-full e-flex e-con e-child\" data-id=\"b3ea913\" data-element_type=\"container\" data-e-type=\"container\">\n\t\t\t\t<div class=\"elementor-element elementor-element-6be247e elementor-widget elementor-widget-heading\" data-id=\"6be247e\" data-element_type=\"widget\" data-e-type=\"widget\" data-widget_type=\"heading.default\">\n\t\t\t\t<div class=\"elementor-widget-container\">\n\t\t\t\t\t<p class=\"elementor-heading-title elementor-size-default\">Zim\u0105 i latem lokalni g\u00f3rale organizuj\u0105 kuligi wraz z pocz\u0119stunkiem w formie grilla pod wiat\u0105 - kie\u0142baska, oscypki, herbata, grzane wino.<\/p>\t\t\t\t<\/div>\n\t\t\t\t<\/div>\n\t\t\t\t<\/div>\n\t\t\t\t\t<\/div>\n\t\t\t\t<\/div>\n\t\t<div class=\"elementor-element elementor-element-f42e29d e-flex e-con-boxed e-con e-parent\" data-id=\"f42e29d\" data-element_type=\"container\" data-e-type=\"container\">\n\t\t\t\t\t<div class=\"e-con-inner\">\n\t\t<div class=\"elementor-element elementor-element-e64c1a6 e-con-full e-flex e-con e-child\" data-id=\"e64c1a6\" data-element_type=\"container\" data-e-type=\"container\">\n\t\t\t\t<div class=\"elementor-element elementor-element-037e486 elementor-widget elementor-widget-heading\" data-id=\"037e486\" data-element_type=\"widget\" data-e-type=\"widget\" data-widget_type=\"heading.default\">\n\t\t\t\t<div class=\"elementor-widget-container\">\n\t\t\t\t\t<p class=\"elementor-heading-title elementor-size-default\">Stoki narciarskie w Istebnej przywitaj\u0105 Was wypo\u017cyczalniami sprz\u0119tu, mo\u017cliwo\u015bci\u0105 wynaj\u0119cia instruktora, klimatycznymi restauracjami oraz zimowymi atrakcjami dla dzieci organizowanymi przez Radio Zet oraz Milka. Kierujcie si\u0119 na:\n<br>\n- Z\u0142oty Gro\u0144\n<br>\n- Kompleks Zagro\u0144\n<br>\n- Kubalonka<\/p>\t\t\t\t<\/div>\n\t\t\t\t<\/div>\n\t\t\t\t<\/div>\n\t\t<div class=\"elementor-element elementor-element-c5f0666 e-con-full e-flex e-con e-child\" data-id=\"c5f0666\" data-element_type=\"container\" data-e-type=\"container\">\n\t\t\t\t<div class=\"elementor-element elementor-element-aa04448 elementor-widget elementor-widget-heading\" data-id=\"aa04448\" data-element_type=\"widget\" data-e-type=\"widget\" data-widget_type=\"heading.default\">\n\t\t\t\t<div class=\"elementor-widget-container\">\n\t\t\t\t\t<h2 class=\"elementor-heading-title elementor-size-default\">STOKI<\/h2>\t\t\t\t<\/div>\n\t\t\t\t<\/div>\n\t\t\t\t<div class=\"elementor-element elementor-element-5da1f7a elementor-view-default elementor-widget elementor-widget-icon\" data-id=\"5da1f7a\" data-element_type=\"widget\" data-e-type=\"widget\" data-widget_type=\"icon.default\">\n\t\t\t\t<div class=\"elementor-widget-container\">\n\t\t\t\t\t\t\t<div class=\"elementor-icon-wrapper\">\n\t\t\t<div class=\"elementor-icon\">\n\t\t\t<svg aria-hidden=\"true\" class=\"e-font-icon-svg e-fas-snowboarding\" viewBox=\"0 0 512 512\" xmlns=\"http:\/\/www.w3.org\/2000\/svg\"><path d=\"M432 96c26.5 0 48-21.5 48-48S458.5 0 432 0s-48 21.5-48 48 21.5 48 48 48zm28.8 153.6c5.8 4.3 12.5 6.4 19.2 6.4 9.7 0 19.3-4.4 25.6-12.8 10.6-14.1 7.8-34.2-6.4-44.8l-111.4-83.5c-13.8-10.3-29.1-18.4-45.4-23.8l-63.7-21.2-26.1-52.1C244.7 2 225.5-4.4 209.7 3.5c-15.8 7.9-22.2 27.1-14.3 42.9l29.1 58.1c5.7 11.4 15.6 19.9 27.7 24l16.4 5.5-41.2 20.6c-21.8 10.9-35.4 32.8-35.4 57.2v53.1l-74.1 24.7c-16.8 5.6-25.8 23.7-20.2 40.5 1.7 5.2 4.9 9.4 8.7 12.9l-38.7-14.1c-9.7-3.5-17.4-10.6-21.8-20-5.6-12-19.9-17.2-31.9-11.6s-17.2 19.9-11.6 31.9c9.8 21 27.1 36.9 48.9 44.8l364.8 132.7c9.7 3.5 19.7 5.3 29.7 5.3 12.5 0 24.9-2.7 36.5-8.2 12-5.6 17.2-19.9 11.6-31.9S474 454.7 462 460.3c-9.3 4.4-19.8 4.8-29.5 1.3l-90.8-33.1c8.7-4.1 15.6-11.8 17.8-21.9l21.9-102c3.9-18.2-3.2-37.2-18.1-48.4l-52-39 66-30.5 83.5 62.9zm-144.4 51.7l-19.7 92c-1.5 7.1-.1 13.9 2.8 20l-169.4-61.6c2.7-.2 5.4-.4 8-1.3l85-28.4c19.6-6.5 32.8-24.8 32.8-45.5V256l60.5 45.3z\"><\/path><\/svg>\t\t\t<\/div>\n\t\t<\/div>\n\t\t\t\t\t\t<\/div>\n\t\t\t\t<\/div>\n\t\t\t\t<\/div>\n\t\t\t\t\t<\/div>\n\t\t\t\t<\/div>\n\t\t<div class=\"elementor-element elementor-element-7b8a504 e-flex e-con-boxed e-con e-parent\" data-id=\"7b8a504\" data-element_type=\"container\" data-e-type=\"container\">\n\t\t\t\t\t<div class=\"e-con-inner\">\n\t\t<div class=\"elementor-element elementor-element-c9addc1 e-con-full e-flex e-con e-child\" data-id=\"c9addc1\" data-element_type=\"container\" data-e-type=\"container\">\n\t\t\t\t<div class=\"elementor-element elementor-element-3915147 elementor-widget elementor-widget-heading\" data-id=\"3915147\" data-element_type=\"widget\" data-e-type=\"widget\" data-widget_type=\"heading.default\">\n\t\t\t\t<div class=\"elementor-widget-container\">\n\t\t\t\t\t<h2 class=\"elementor-heading-title elementor-size-default\">ROZRYWKA<\/h2>\t\t\t\t<\/div>\n\t\t\t\t<\/div>\n\t\t\t\t<div class=\"elementor-element elementor-element-a53f764 elementor-view-default elementor-widget elementor-widget-icon\" data-id=\"a53f764\" data-element_type=\"widget\" data-e-type=\"widget\" data-widget_type=\"icon.default\">\n\t\t\t\t<div class=\"elementor-widget-container\">\n\t\t\t\t\t\t\t<div class=\"elementor-icon-wrapper\">\n\t\t\t<div class=\"elementor-icon\">\n\t\t\t<svg aria-hidden=\"true\" class=\"e-font-icon-svg e-fas-map-marker-alt\" viewBox=\"0 0 384 512\" xmlns=\"http:\/\/www.w3.org\/2000\/svg\"><path d=\"M172.268 501.67C26.97 291.031 0 269.413 0 192 0 85.961 85.961 0 192 0s192 85.961 192 192c0 77.413-26.97 99.031-172.268 309.67-9.535 13.774-29.93 13.773-39.464 0zM192 272c44.183 0 80-35.817 80-80s-35.817-80-80-80-80 35.817-80 80 35.817 80 80 80z\"><\/path><\/svg>\t\t\t<\/div>\n\t\t<\/div>\n\t\t\t\t\t\t<\/div>\n\t\t\t\t<\/div>\n\t\t\t\t<\/div>\n\t\t<div class=\"elementor-element elementor-element-b6f2130 e-con-full e-flex e-con e-child\" data-id=\"b6f2130\" data-element_type=\"container\" data-e-type=\"container\">\n\t\t\t\t<div class=\"elementor-element elementor-element-3ae08c9 elementor-widget elementor-widget-heading\" data-id=\"3ae08c9\" data-element_type=\"widget\" data-e-type=\"widget\" data-widget_type=\"heading.default\">\n\t\t\t\t<div class=\"elementor-widget-container\">\n\t\t\t\t\t<p class=\"elementor-heading-title elementor-size-default\">W Istebnej zapraszamy Was do odwiedzenia:\n<BR>\nIndia\u0144ski Plac Zabaw dla dzieci\n<BR>\nTr\u00f3jstyk - miejsce styku 3 granic z placem zabaw dla dzieci, ma\u0142\u0105 t\u0119\u017cni\u0105 oraz mo\u017cliwo\u015bci\u0105 przyjemnego 1,5h spaceru.\n<BR>\nKubalonka - start trasy biegowej w kierunku Pa\u0142acu Prezydenckiego lub Stec\u00f3wki.\n<BR>\nBaseCamp - nowoczesny park liniowy\n<br>\nPark Wodny Olza\n<br>\nZ\u0142oty Gro\u0144 Resort &amp; SPA<\/p>\t\t\t\t<\/div>\n\t\t\t\t<\/div>\n\t\t\t\t<\/div>\n\t\t\t\t\t<\/div>\n\t\t\t\t<\/div>\n\t\t<div class=\"elementor-element elementor-element-9866264 e-flex e-con-boxed e-con e-parent\" data-id=\"9866264\" data-element_type=\"container\" data-e-type=\"container\">\n\t\t\t\t\t<div class=\"e-con-inner\">\n\t\t<div class=\"elementor-element elementor-element-12aaa22 e-con-full e-flex e-con e-child\" data-id=\"12aaa22\" data-element_type=\"container\" data-e-type=\"container\">\n\t\t\t\t<div class=\"elementor-element elementor-element-9e32c9d elementor-widget-mobile__width-inherit elementor-widget elementor-widget-heading\" data-id=\"9e32c9d\" data-element_type=\"widget\" data-e-type=\"widget\" data-widget_type=\"heading.default\">\n\t\t\t\t<div class=\"elementor-widget-container\">\n\t\t\t\t\t<p class=\"elementor-heading-title elementor-size-default\">Z\u0142oty Gro\u0144 Restauracja \n<BR>\nDw\u00f3r Kukuczka \n<BR>\nBukova Restauracja\n<BR>\nOchodzita Karczma Koniak\u00f3w \n<BR>\nKarczma po Zb\u00f3ju\n<\/p>\t\t\t\t<\/div>\n\t\t\t\t<\/div>\n\t\t\t\t<\/div>\n\t\t<div class=\"elementor-element elementor-element-ef87d0a e-con-full e-flex e-con e-child\" data-id=\"ef87d0a\" data-element_type=\"container\" data-e-type=\"container\">\n\t\t\t\t<div class=\"elementor-element elementor-element-76858f5 elementor-widget elementor-widget-heading\" data-id=\"76858f5\" data-element_type=\"widget\" data-e-type=\"widget\" data-widget_type=\"heading.default\">\n\t\t\t\t<div class=\"elementor-widget-container\">\n\t\t\t\t\t<h2 class=\"elementor-heading-title elementor-size-default\">RESTAURACJE <br>i KARCZMY<\/h2>\t\t\t\t<\/div>\n\t\t\t\t<\/div>\n\t\t\t\t<div class=\"elementor-element elementor-element-edad005 elementor-view-default elementor-widget elementor-widget-icon\" data-id=\"edad005\" data-element_type=\"widget\" data-e-type=\"widget\" data-widget_type=\"icon.default\">\n\t\t\t\t<div class=\"elementor-widget-container\">\n\t\t\t\t\t\t\t<div class=\"elementor-icon-wrapper\">\n\t\t\t<div class=\"elementor-icon\">\n\t\t\t<svg aria-hidden=\"true\" class=\"e-font-icon-svg e-fas-utensils\" viewBox=\"0 0 416 512\" xmlns=\"http:\/\/www.w3.org\/2000\/svg\"><path d=\"M207.9 15.2c.8 4.7 16.1 94.5 16.1 128.8 0 52.3-27.8 89.6-68.9 104.6L168 486.7c.7 13.7-10.2 25.3-24 25.3H80c-13.7 0-24.7-11.5-24-25.3l12.9-238.1C27.7 233.6 0 196.2 0 144 0 109.6 15.3 19.9 16.1 15.2 19.3-5.1 61.4-5.4 64 16.3v141.2c1.3 3.4 15.1 3.2 16 0 1.4-25.3 7.9-139.2 8-141.8 3.3-20.8 44.7-20.8 47.9 0 .2 2.7 6.6 116.5 8 141.8.9 3.2 14.8 3.4 16 0V16.3c2.6-21.6 44.8-21.4 48-1.1zm119.2 285.7l-15 185.1c-1.2 14 9.9 26 23.9 26h56c13.3 0 24-10.7 24-24V24c0-13.2-10.7-24-24-24-82.5 0-221.4 178.5-64.9 300.9z\"><\/path><\/svg>\t\t\t<\/div>\n\t\t<\/div>\n\t\t\t\t\t\t<\/div>\n\t\t\t\t<\/div>\n\t\t\t\t<\/div>\n\t\t\t\t\t<\/div>\n\t\t\t\t<\/div>\n\t\t\t\t<\/div>\n\t\t","protected":false},"excerpt":{"rendered":"<p>MI\u00d3D MALINA OSADA ISTEBNA ZOBACZ WI\u0118CEJ KULIGI Zim\u0105 i latem lokalni g\u00f3rale organizuj\u0105 kuligi wraz z pocz\u0119stunkiem w formie grilla pod wiat\u0105 &#8211; kie\u0142baska, oscypki, herbata, grzane wino. Stoki narciarskie w Istebnej przywitaj\u0105 Was wypo\u017cyczalniami sprz\u0119tu, mo\u017cliwo\u015bci\u0105 wynaj\u0119cia instruktora, klimatycznymi restauracjami oraz zimowymi atrakcjami dla dzieci organizowanymi przez Radio Zet oraz Milka. Kierujcie si\u0119 na:&#8230;<\/p>\n","protected":false},"author":1,"featured_media":0,"parent":0,"menu_order":0,"comment_status":"closed","ping_status":"closed","template":"","meta":{"_kad_post_transparent":"","_kad_post_title":"hide","_kad_post_layout":"fullwidth","_kad_post_sidebar_id":"","_kad_post_content_style":"unboxed","_kad_post_vertical_padding":"hide","_kad_post_feature":"hide","_kad_post_feature_position":"","_kad_post_header":false,"_kad_post_footer":false,"_kad_post_classname":"","footnotes":""},"class_list":["post-18","page","type-page","status-publish","hentry"],"yoast_head":"<!-- This site is optimized with the Yoast SEO plugin v27.2 - https:\/\/yoast.com\/product\/yoast-seo-wordpress\/ -->\n<title>Atrakcje - Mi\u00f3d malina<\/title>\n<meta name=\"robots\" content=\"index, follow, max-snippet:-1, max-image-preview:large, max-video-preview:-1\" \/>\n<link rel=\"canonical\" href=\"https:\/\/osadamiodmalina.pl\/index.php\/atrakcje\/\" \/>\n<meta property=\"og:locale\" content=\"pl_PL\" \/>\n<meta property=\"og:type\" content=\"article\" \/>\n<meta property=\"og:title\" content=\"Atrakcje - Mi\u00f3d malina\" \/>\n<meta property=\"og:description\" content=\"MI\u00d3D MALINA OSADA ISTEBNA ZOBACZ WI\u0118CEJ KULIGI Zim\u0105 i latem lokalni g\u00f3rale organizuj\u0105 kuligi wraz z pocz\u0119stunkiem w formie grilla pod wiat\u0105 &#8211; kie\u0142baska, oscypki, herbata, grzane wino. Stoki narciarskie w Istebnej przywitaj\u0105 Was wypo\u017cyczalniami sprz\u0119tu, mo\u017cliwo\u015bci\u0105 wynaj\u0119cia instruktora, klimatycznymi restauracjami oraz zimowymi atrakcjami dla dzieci organizowanymi przez Radio Zet oraz Milka. Kierujcie si\u0119 na:...\" \/>\n<meta property=\"og:url\" content=\"https:\/\/osadamiodmalina.pl\/index.php\/atrakcje\/\" \/>\n<meta property=\"og:site_name\" content=\"Mi\u00f3d malina\" \/>\n<meta property=\"article:publisher\" content=\"https:\/\/www.facebook.com\/profile.php?id=100094880352115\" \/>\n<meta property=\"article:modified_time\" content=\"2025-04-16T11:38:06+00:00\" \/>\n<meta name=\"twitter:card\" content=\"summary_large_image\" \/>\n<script type=\"application\/ld+json\" class=\"yoast-schema-graph\">{\"@context\":\"https:\/\/schema.org\",\"@graph\":[{\"@type\":\"WebPage\",\"@id\":\"https:\/\/osadamiodmalina.pl\/index.php\/atrakcje\/\",\"url\":\"https:\/\/osadamiodmalina.pl\/index.php\/atrakcje\/\",\"name\":\"Atrakcje - Mi\u00f3d malina\",\"isPartOf\":{\"@id\":\"https:\/\/osadamiodmalina.pl\/#website\"},\"datePublished\":\"2024-01-22T17:12:30+00:00\",\"dateModified\":\"2025-04-16T11:38:06+00:00\",\"breadcrumb\":{\"@id\":\"https:\/\/osadamiodmalina.pl\/index.php\/atrakcje\/#breadcrumb\"},\"inLanguage\":\"pl-PL\",\"potentialAction\":[{\"@type\":\"ReadAction\",\"target\":[\"https:\/\/osadamiodmalina.pl\/index.php\/atrakcje\/\"]}]},{\"@type\":\"BreadcrumbList\",\"@id\":\"https:\/\/osadamiodmalina.pl\/index.php\/atrakcje\/#breadcrumb\",\"itemListElement\":[{\"@type\":\"ListItem\",\"position\":1,\"name\":\"Strona g\u0142\u00f3wna\",\"item\":\"https:\/\/osadamiodmalina.pl\/\"},{\"@type\":\"ListItem\",\"position\":2,\"name\":\"Atrakcje\"}]},{\"@type\":\"WebSite\",\"@id\":\"https:\/\/osadamiodmalina.pl\/#website\",\"url\":\"https:\/\/osadamiodmalina.pl\/\",\"name\":\"Mi\u00f3d malina\",\"description\":\"\",\"publisher\":{\"@id\":\"https:\/\/osadamiodmalina.pl\/#organization\"},\"potentialAction\":[{\"@type\":\"SearchAction\",\"target\":{\"@type\":\"EntryPoint\",\"urlTemplate\":\"https:\/\/osadamiodmalina.pl\/?s={search_term_string}\"},\"query-input\":{\"@type\":\"PropertyValueSpecification\",\"valueRequired\":true,\"valueName\":\"search_term_string\"}}],\"inLanguage\":\"pl-PL\"},{\"@type\":\"Organization\",\"@id\":\"https:\/\/osadamiodmalina.pl\/#organization\",\"name\":\"Mi\u00f3d malina\",\"url\":\"https:\/\/osadamiodmalina.pl\/\",\"logo\":{\"@type\":\"ImageObject\",\"inLanguage\":\"pl-PL\",\"@id\":\"https:\/\/osadamiodmalina.pl\/#\/schema\/logo\/image\/\",\"url\":\"https:\/\/osadamiodmalina.pl\/wp-content\/uploads\/2024\/01\/favicon.png\",\"contentUrl\":\"https:\/\/osadamiodmalina.pl\/wp-content\/uploads\/2024\/01\/favicon.png\",\"width\":256,\"height\":256,\"caption\":\"Mi\u00f3d malina\"},\"image\":{\"@id\":\"https:\/\/osadamiodmalina.pl\/#\/schema\/logo\/image\/\"},\"sameAs\":[\"https:\/\/www.facebook.com\/profile.php?id=100094880352115\"]}]}<\/script>\n<!-- \/ Yoast SEO plugin. -->","yoast_head_json":{"title":"Atrakcje - Mi\u00f3d malina","robots":{"index":"index","follow":"follow","max-snippet":"max-snippet:-1","max-image-preview":"max-image-preview:large","max-video-preview":"max-video-preview:-1"},"canonical":"https:\/\/osadamiodmalina.pl\/index.php\/atrakcje\/","og_locale":"pl_PL","og_type":"article","og_title":"Atrakcje - Mi\u00f3d malina","og_description":"MI\u00d3D MALINA OSADA ISTEBNA ZOBACZ WI\u0118CEJ KULIGI Zim\u0105 i latem lokalni g\u00f3rale organizuj\u0105 kuligi wraz z pocz\u0119stunkiem w formie grilla pod wiat\u0105 &#8211; kie\u0142baska, oscypki, herbata, grzane wino. Stoki narciarskie w Istebnej przywitaj\u0105 Was wypo\u017cyczalniami sprz\u0119tu, mo\u017cliwo\u015bci\u0105 wynaj\u0119cia instruktora, klimatycznymi restauracjami oraz zimowymi atrakcjami dla dzieci organizowanymi przez Radio Zet oraz Milka. Kierujcie si\u0119 na:...","og_url":"https:\/\/osadamiodmalina.pl\/index.php\/atrakcje\/","og_site_name":"Mi\u00f3d malina","article_publisher":"https:\/\/www.facebook.com\/profile.php?id=100094880352115","article_modified_time":"2025-04-16T11:38:06+00:00","twitter_card":"summary_large_image","schema":{"@context":"https:\/\/schema.org","@graph":[{"@type":"WebPage","@id":"https:\/\/osadamiodmalina.pl\/index.php\/atrakcje\/","url":"https:\/\/osadamiodmalina.pl\/index.php\/atrakcje\/","name":"Atrakcje - Mi\u00f3d malina","isPartOf":{"@id":"https:\/\/osadamiodmalina.pl\/#website"},"datePublished":"2024-01-22T17:12:30+00:00","dateModified":"2025-04-16T11:38:06+00:00","breadcrumb":{"@id":"https:\/\/osadamiodmalina.pl\/index.php\/atrakcje\/#breadcrumb"},"inLanguage":"pl-PL","potentialAction":[{"@type":"ReadAction","target":["https:\/\/osadamiodmalina.pl\/index.php\/atrakcje\/"]}]},{"@type":"BreadcrumbList","@id":"https:\/\/osadamiodmalina.pl\/index.php\/atrakcje\/#breadcrumb","itemListElement":[{"@type":"ListItem","position":1,"name":"Strona g\u0142\u00f3wna","item":"https:\/\/osadamiodmalina.pl\/"},{"@type":"ListItem","position":2,"name":"Atrakcje"}]},{"@type":"WebSite","@id":"https:\/\/osadamiodmalina.pl\/#website","url":"https:\/\/osadamiodmalina.pl\/","name":"Mi\u00f3d malina","description":"","publisher":{"@id":"https:\/\/osadamiodmalina.pl\/#organization"},"potentialAction":[{"@type":"SearchAction","target":{"@type":"EntryPoint","urlTemplate":"https:\/\/osadamiodmalina.pl\/?s={search_term_string}"},"query-input":{"@type":"PropertyValueSpecification","valueRequired":true,"valueName":"search_term_string"}}],"inLanguage":"pl-PL"},{"@type":"Organization","@id":"https:\/\/osadamiodmalina.pl\/#organization","name":"Mi\u00f3d malina","url":"https:\/\/osadamiodmalina.pl\/","logo":{"@type":"ImageObject","inLanguage":"pl-PL","@id":"https:\/\/osadamiodmalina.pl\/#\/schema\/logo\/image\/","url":"https:\/\/osadamiodmalina.pl\/wp-content\/uploads\/2024\/01\/favicon.png","contentUrl":"https:\/\/osadamiodmalina.pl\/wp-content\/uploads\/2024\/01\/favicon.png","width":256,"height":256,"caption":"Mi\u00f3d malina"},"image":{"@id":"https:\/\/osadamiodmalina.pl\/#\/schema\/logo\/image\/"},"sameAs":["https:\/\/www.facebook.com\/profile.php?id=100094880352115"]}]}},"_links":{"self":[{"href":"https:\/\/osadamiodmalina.pl\/index.php\/wp-json\/wp\/v2\/pages\/18","targetHints":{"allow":["GET"]}}],"collection":[{"href":"https:\/\/osadamiodmalina.pl\/index.php\/wp-json\/wp\/v2\/pages"}],"about":[{"href":"https:\/\/osadamiodmalina.pl\/index.php\/wp-json\/wp\/v2\/types\/page"}],"author":[{"embeddable":true,"href":"https:\/\/osadamiodmalina.pl\/index.php\/wp-json\/wp\/v2\/users\/1"}],"replies":[{"embeddable":true,"href":"https:\/\/osadamiodmalina.pl\/index.php\/wp-json\/wp\/v2\/comments?post=18"}],"version-history":[{"count":64,"href":"https:\/\/osadamiodmalina.pl\/index.php\/wp-json\/wp\/v2\/pages\/18\/revisions"}],"predecessor-version":[{"id":501,"href":"https:\/\/osadamiodmalina.pl\/index.php\/wp-json\/wp\/v2\/pages\/18\/revisions\/501"}],"wp:attachment":[{"href":"https:\/\/osadamiodmalina.pl\/index.php\/wp-json\/wp\/v2\/media?parent=18"}],"curies":[{"name":"wp","href":"https:\/\/api.w.org\/{rel}","templated":true}]}}