{"id":16,"date":"2024-01-22T18:12:23","date_gmt":"2024-01-22T17:12:23","guid":{"rendered":"https:\/\/osadamiodmalina.pl\/?page_id=16"},"modified":"2024-02-17T17:13:54","modified_gmt":"2024-02-17T16:13:54","slug":"o-nas","status":"publish","type":"page","link":"https:\/\/osadamiodmalina.pl\/index.php\/o-nas\/","title":{"rendered":"O nas"},"content":{"rendered":"\t\t<div data-elementor-type=\"wp-page\" data-elementor-id=\"16\" class=\"elementor elementor-16\">\n\t\t\t\t<div class=\"elementor-element elementor-element-e10c22c e-flex e-con-boxed e-con e-parent\" data-id=\"e10c22c\" data-element_type=\"container\" data-e-type=\"container\" data-settings=\"{&quot;background_background&quot;:&quot;classic&quot;}\">\n\t\t\t\t\t<div class=\"e-con-inner\">\n\t\t\t\t<div class=\"elementor-element elementor-element-c6f9f79 elementor-widget elementor-widget-heading\" data-id=\"c6f9f79\" data-element_type=\"widget\" data-e-type=\"widget\" data-widget_type=\"heading.default\">\n\t\t\t\t<div class=\"elementor-widget-container\">\n\t\t\t\t\t<h1 class=\"elementor-heading-title elementor-size-default\">MI\u00d3D MALINA<\/h1>\t\t\t\t<\/div>\n\t\t\t\t<\/div>\n\t\t\t\t<div class=\"elementor-element elementor-element-bc07918 elementor-align-center elementor-widget elementor-widget-elementskit-button\" data-id=\"bc07918\" data-element_type=\"widget\" data-e-type=\"widget\" data-widget_type=\"elementskit-button.default\">\n\t\t\t\t<div class=\"elementor-widget-container\">\n\t\t\t\t\t<div class=\"ekit-wid-con\" >\t\t<div class=\"ekit-btn-wraper\">\n\t\t\t\t\t\t\t<a href=\"#onas\" class=\"elementskit-btn  whitespace--normal\" id=\"\">\n\t\t\t\t\tZOBACZ WI\u0118CEJ\t\t\t\t<\/a>\n\t\t\t\t\t<\/div>\n        <\/div>\t\t\t\t<\/div>\n\t\t\t\t<\/div>\n\t\t\t\t\t<\/div>\n\t\t\t\t<\/div>\n\t\t<div class=\"elementor-element elementor-element-b051b09 e-flex e-con-boxed e-con e-parent\" data-id=\"b051b09\" data-element_type=\"container\" data-e-type=\"container\" id=\"onas\">\n\t\t\t\t\t<div class=\"e-con-inner\">\n\t\t<div class=\"elementor-element elementor-element-cd598fd e-con-full e-flex e-con e-child\" data-id=\"cd598fd\" data-element_type=\"container\" data-e-type=\"container\">\n\t\t\t\t<div class=\"elementor-element elementor-element-2d1e891 elementor-widget elementor-widget-heading\" data-id=\"2d1e891\" data-element_type=\"widget\" data-e-type=\"widget\" data-widget_type=\"heading.default\">\n\t\t\t\t<div class=\"elementor-widget-container\">\n\t\t\t\t\t<h2 class=\"elementor-heading-title elementor-size-default\">Osada Mi\u00f3d Malina<\/h2>\t\t\t\t<\/div>\n\t\t\t\t<\/div>\n\t\t\t\t<div class=\"elementor-element elementor-element-7738f64 elementor-widget elementor-widget-heading\" data-id=\"7738f64\" data-element_type=\"widget\" data-e-type=\"widget\" data-widget_type=\"heading.default\">\n\t\t\t\t<div class=\"elementor-widget-container\">\n\t\t\t\t\t<p class=\"elementor-heading-title elementor-size-default\">Pomi\u0119dzy Koniakowem a Wis\u0142\u0105, na malowniczych zboczach Ma\u0142ego Beskidu, wy\u0142oni\u0142a si\u0119 Osada, kt\u00f3ra wzbudza zainteresowanie ka\u017cdego przechodnia. Nosi nazw\u0119 Osada Mi\u00f3d Malina. Stworzono j\u0105 by by\u0142a miejscem spokoju i relaksu dla przyje\u017cd\u017caj\u0105cych go\u015bci z ca\u0142ej Polski. Kameralne, ciche miejsce, stworzone z my\u015bl\u0105 o do\u015bwiadczaniu sielsko\u015bci g\u00f3r polskich.<\/p>\t\t\t\t<\/div>\n\t\t\t\t<\/div>\n\t\t\t\t<\/div>\n\t\t<div class=\"elementor-element elementor-element-748b1e1 e-con-full e-flex e-con e-child\" data-id=\"748b1e1\" data-element_type=\"container\" data-e-type=\"container\">\n\t\t\t\t<div class=\"elementor-element elementor-element-d51e943 elementor-widget elementor-widget-image\" data-id=\"d51e943\" data-element_type=\"widget\" data-e-type=\"widget\" data-widget_type=\"image.default\">\n\t\t\t\t<div class=\"elementor-widget-container\">\n\t\t\t\t\t\t\t\t\t\t\t\t\t\t\t<img fetchpriority=\"high\" decoding=\"async\" width=\"500\" height=\"258\" src=\"https:\/\/osadamiodmalina.pl\/wp-content\/uploads\/2024\/01\/Logo2.png\" class=\"attachment-large size-large wp-image-86\" alt=\"\" \/>\t\t\t\t\t\t\t\t\t\t\t\t\t\t\t<\/div>\n\t\t\t\t<\/div>\n\t\t\t\t<\/div>\n\t\t\t\t\t<\/div>\n\t\t\t\t<\/div>\n\t\t<div class=\"elementor-element elementor-element-515a83e e-flex e-con-boxed e-con e-parent\" data-id=\"515a83e\" data-element_type=\"container\" data-e-type=\"container\">\n\t\t\t\t\t<div class=\"e-con-inner\">\n\t\t<div class=\"elementor-element elementor-element-d5fe834 e-con-full e-flex e-con e-child\" data-id=\"d5fe834\" data-element_type=\"container\" data-e-type=\"container\">\n\t\t\t\t<div class=\"elementor-element elementor-element-1924303 elementor-widget elementor-widget-image\" data-id=\"1924303\" data-element_type=\"widget\" data-e-type=\"widget\" data-widget_type=\"image.default\">\n\t\t\t\t<div class=\"elementor-widget-container\">\n\t\t\t\t\t\t\t\t\t\t\t\t\t\t\t<img decoding=\"async\" width=\"1024\" height=\"656\" src=\"https:\/\/osadamiodmalina.pl\/wp-content\/uploads\/2024\/01\/Jasnowice2-min.jpg\" class=\"attachment-large size-large wp-image-36\" alt=\"Mi\u00f3d Malina\" \/>\t\t\t\t\t\t\t\t\t\t\t\t\t\t\t<\/div>\n\t\t\t\t<\/div>\n\t\t\t\t<\/div>\n\t\t<div class=\"elementor-element elementor-element-a58e8dc e-con-full e-flex e-con e-child\" data-id=\"a58e8dc\" data-element_type=\"container\" data-e-type=\"container\">\n\t\t\t\t<div class=\"elementor-element elementor-element-011a4dc elementor-widget elementor-widget-heading\" data-id=\"011a4dc\" data-element_type=\"widget\" data-e-type=\"widget\" data-widget_type=\"heading.default\">\n\t\t\t\t<div class=\"elementor-widget-container\">\n\t\t\t\t\t<p class=\"elementor-heading-title elementor-size-default\">Do dyspozycji go\u015bci oddajemy 4 drewniane domy z bali z przepi\u0119knym widokiem na otaczaj\u0105c\u0105 przyrod\u0119. Osada zosta\u0142a wykonana tradycyjn\u0105 metod\u0105 g\u00f3ralsk\u0105. W\u0142a\u015bciciele zadbali r\u00f3wnie\u017c o to, by \u015bciany zdobi\u0142o g\u00f3ralskie mszenie.\n<br><br>\nKa\u017cdy dom wyposa\u017cony zosta\u0142 w du\u017cy taras z meblami ogrodowymi, grillem oraz prywatn\u0105 bali\u0105 ogrzewan\u0105 drewnem. Dodatkowo do dyspozycji go\u015bci jest drewniana wiata z paleniskiem wykonanym przez miejscowego kowala a tak\u017ce modu\u0142owy plac zabaw dla najm\u0142odszych. W domkach znajduje si\u0119 kominek typu koza, smart TV,  ci\u015bnieniowy ekspres do kawy, piekarnik, zmywarka oraz kompletne wyposa\u017cenie kuchenne. Na miejscu czekaj\u0105 r\u00f3wnie\u017c przytulne szlafroki, zestaw r\u0119cznik\u00f3w oraz mi\u0142y malinowy upominek niespodzianka. Na pi\u0119trze znajduj\u0105 si\u0119 3 sypialnie (jedna 4osobowa z tarasem i dwie 2osobowe) oraz toaleta. Parter domku do cz\u0119\u015b\u0107 wsp\u00f3lna - kuchnia, salon, jadalnia i du\u017ca \u0142azienka.<\/p>\t\t\t\t<\/div>\n\t\t\t\t<\/div>\n\t\t\t\t<\/div>\n\t\t\t\t\t<\/div>\n\t\t\t\t<\/div>\n\t\t<div class=\"elementor-element elementor-element-c6b5a5b e-flex e-con-boxed e-con e-parent\" data-id=\"c6b5a5b\" data-element_type=\"container\" data-e-type=\"container\" data-settings=\"{&quot;background_background&quot;:&quot;classic&quot;}\">\n\t\t\t\t\t<div class=\"e-con-inner\">\n\t\t\t\t<div class=\"elementor-element elementor-element-6f541d9 elementor-widget elementor-widget-heading\" data-id=\"6f541d9\" data-element_type=\"widget\" data-e-type=\"widget\" data-widget_type=\"heading.default\">\n\t\t\t\t<div class=\"elementor-widget-container\">\n\t\t\t\t\t<h2 class=\"elementor-heading-title elementor-size-default\">SPRAWD\u0179 R\u00d3WNIE\u017b<\/h2>\t\t\t\t<\/div>\n\t\t\t\t<\/div>\n\t\t\t\t\t<\/div>\n\t\t\t\t<\/div>\n\t\t<div class=\"elementor-element elementor-element-e3c3c4d e-flex e-con-boxed e-con e-parent\" data-id=\"e3c3c4d\" data-element_type=\"container\" data-e-type=\"container\" data-settings=\"{&quot;background_background&quot;:&quot;classic&quot;}\">\n\t\t\t\t\t<div class=\"e-con-inner\">\n\t\t<a class=\"elementor-element elementor-element-2398037 e-con-full e-transform e-flex e-con e-child\" data-id=\"2398037\" data-element_type=\"container\" data-e-type=\"container\" data-settings=\"{&quot;background_background&quot;:&quot;gradient&quot;,&quot;_transform_translateY_effect_hover&quot;:{&quot;unit&quot;:&quot;px&quot;,&quot;size&quot;:-10,&quot;sizes&quot;:[]},&quot;_transform_translateX_effect_hover&quot;:{&quot;unit&quot;:&quot;px&quot;,&quot;size&quot;:&quot;&quot;,&quot;sizes&quot;:[]},&quot;_transform_translateX_effect_hover_tablet&quot;:{&quot;unit&quot;:&quot;px&quot;,&quot;size&quot;:&quot;&quot;,&quot;sizes&quot;:[]},&quot;_transform_translateX_effect_hover_mobile&quot;:{&quot;unit&quot;:&quot;px&quot;,&quot;size&quot;:&quot;&quot;,&quot;sizes&quot;:[]},&quot;_transform_translateY_effect_hover_tablet&quot;:{&quot;unit&quot;:&quot;px&quot;,&quot;size&quot;:&quot;&quot;,&quot;sizes&quot;:[]},&quot;_transform_translateY_effect_hover_mobile&quot;:{&quot;unit&quot;:&quot;px&quot;,&quot;size&quot;:&quot;&quot;,&quot;sizes&quot;:[]}}\" href=\"https:\/\/osadamiodmalina.pl\/index.php\/atrakcje\/#atrakcje\">\n\t\t\t\t<div class=\"elementor-element elementor-element-c57949b elementor-view-default elementor-position-block-start elementor-mobile-position-block-start elementor-widget elementor-widget-icon-box\" data-id=\"c57949b\" data-element_type=\"widget\" data-e-type=\"widget\" data-widget_type=\"icon-box.default\">\n\t\t\t\t<div class=\"elementor-widget-container\">\n\t\t\t\t\t\t\t<div class=\"elementor-icon-box-wrapper\">\n\n\t\t\t\t\t\t<div class=\"elementor-icon-box-icon\">\n\t\t\t\t<span  class=\"elementor-icon\">\n\t\t\t\t<svg aria-hidden=\"true\" class=\"e-font-icon-svg e-fas-child\" viewBox=\"0 0 384 512\" xmlns=\"http:\/\/www.w3.org\/2000\/svg\"><path d=\"M120 72c0-39.765 32.235-72 72-72s72 32.235 72 72c0 39.764-32.235 72-72 72s-72-32.236-72-72zm254.627 1.373c-12.496-12.497-32.758-12.497-45.254 0L242.745 160H141.254L54.627 73.373c-12.496-12.497-32.758-12.497-45.254 0-12.497 12.497-12.497 32.758 0 45.255L104 213.254V480c0 17.673 14.327 32 32 32h16c17.673 0 32-14.327 32-32V368h16v112c0 17.673 14.327 32 32 32h16c17.673 0 32-14.327 32-32V213.254l94.627-94.627c12.497-12.497 12.497-32.757 0-45.254z\"><\/path><\/svg>\t\t\t\t<\/span>\n\t\t\t<\/div>\n\t\t\t\n\t\t\t\t\t\t<div class=\"elementor-icon-box-content\">\n\n\t\t\t\t\t\t\t\t\t<h3 class=\"elementor-icon-box-title\">\n\t\t\t\t\t\t<span  >\n\t\t\t\t\t\t\tATRAKCJE\t\t\t\t\t\t<\/span>\n\t\t\t\t\t<\/h3>\n\t\t\t\t\n\t\t\t\t\n\t\t\t<\/div>\n\t\t\t\n\t\t<\/div>\n\t\t\t\t\t\t<\/div>\n\t\t\t\t<\/div>\n\t\t\t\t<\/a>\n\t\t<a class=\"elementor-element elementor-element-988b62a e-con-full e-transform e-flex e-con e-child\" data-id=\"988b62a\" data-element_type=\"container\" data-e-type=\"container\" data-settings=\"{&quot;background_background&quot;:&quot;gradient&quot;,&quot;_transform_translateY_effect_hover&quot;:{&quot;unit&quot;:&quot;px&quot;,&quot;size&quot;:-10,&quot;sizes&quot;:[]},&quot;_transform_translateX_effect_hover&quot;:{&quot;unit&quot;:&quot;px&quot;,&quot;size&quot;:&quot;&quot;,&quot;sizes&quot;:[]},&quot;_transform_translateX_effect_hover_tablet&quot;:{&quot;unit&quot;:&quot;px&quot;,&quot;size&quot;:&quot;&quot;,&quot;sizes&quot;:[]},&quot;_transform_translateX_effect_hover_mobile&quot;:{&quot;unit&quot;:&quot;px&quot;,&quot;size&quot;:&quot;&quot;,&quot;sizes&quot;:[]},&quot;_transform_translateY_effect_hover_tablet&quot;:{&quot;unit&quot;:&quot;px&quot;,&quot;size&quot;:&quot;&quot;,&quot;sizes&quot;:[]},&quot;_transform_translateY_effect_hover_mobile&quot;:{&quot;unit&quot;:&quot;px&quot;,&quot;size&quot;:&quot;&quot;,&quot;sizes&quot;:[]}}\" href=\"https:\/\/osadamiodmalina.pl\/index.php\/udogodnienia\/#udogodnienia\">\n\t\t\t\t<div class=\"elementor-element elementor-element-6eb4fd8 elementor-view-default elementor-position-block-start elementor-mobile-position-block-start elementor-widget elementor-widget-icon-box\" data-id=\"6eb4fd8\" data-element_type=\"widget\" data-e-type=\"widget\" data-widget_type=\"icon-box.default\">\n\t\t\t\t<div class=\"elementor-widget-container\">\n\t\t\t\t\t\t\t<div class=\"elementor-icon-box-wrapper\">\n\n\t\t\t\t\t\t<div class=\"elementor-icon-box-icon\">\n\t\t\t\t<span  class=\"elementor-icon\">\n\t\t\t\t<svg aria-hidden=\"true\" class=\"e-font-icon-svg e-fas-suitcase\" viewBox=\"0 0 512 512\" xmlns=\"http:\/\/www.w3.org\/2000\/svg\"><path d=\"M128 480h256V80c0-26.5-21.5-48-48-48H176c-26.5 0-48 21.5-48 48v400zm64-384h128v32H192V96zm320 80v256c0 26.5-21.5 48-48 48h-48V128h48c26.5 0 48 21.5 48 48zM96 480H48c-26.5 0-48-21.5-48-48V176c0-26.5 21.5-48 48-48h48v352z\"><\/path><\/svg>\t\t\t\t<\/span>\n\t\t\t<\/div>\n\t\t\t\n\t\t\t\t\t\t<div class=\"elementor-icon-box-content\">\n\n\t\t\t\t\t\t\t\t\t<h3 class=\"elementor-icon-box-title\">\n\t\t\t\t\t\t<span  >\n\t\t\t\t\t\t\tUDOGODNIENIA\t\t\t\t\t\t<\/span>\n\t\t\t\t\t<\/h3>\n\t\t\t\t\n\t\t\t\t\n\t\t\t<\/div>\n\t\t\t\n\t\t<\/div>\n\t\t\t\t\t\t<\/div>\n\t\t\t\t<\/div>\n\t\t\t\t<\/a>\n\t\t<a class=\"elementor-element elementor-element-706f9ab e-con-full e-transform e-flex e-con e-child\" data-id=\"706f9ab\" data-element_type=\"container\" data-e-type=\"container\" data-settings=\"{&quot;background_background&quot;:&quot;gradient&quot;,&quot;_transform_translateY_effect_hover&quot;:{&quot;unit&quot;:&quot;px&quot;,&quot;size&quot;:-10,&quot;sizes&quot;:[]},&quot;_transform_translateX_effect_hover&quot;:{&quot;unit&quot;:&quot;px&quot;,&quot;size&quot;:&quot;&quot;,&quot;sizes&quot;:[]},&quot;_transform_translateX_effect_hover_tablet&quot;:{&quot;unit&quot;:&quot;px&quot;,&quot;size&quot;:&quot;&quot;,&quot;sizes&quot;:[]},&quot;_transform_translateX_effect_hover_mobile&quot;:{&quot;unit&quot;:&quot;px&quot;,&quot;size&quot;:&quot;&quot;,&quot;sizes&quot;:[]},&quot;_transform_translateY_effect_hover_tablet&quot;:{&quot;unit&quot;:&quot;px&quot;,&quot;size&quot;:&quot;&quot;,&quot;sizes&quot;:[]},&quot;_transform_translateY_effect_hover_mobile&quot;:{&quot;unit&quot;:&quot;px&quot;,&quot;size&quot;:&quot;&quot;,&quot;sizes&quot;:[]}}\" href=\"tel:668177706\">\n\t\t\t\t<div class=\"elementor-element elementor-element-c82844e elementor-view-default elementor-position-block-start elementor-mobile-position-block-start elementor-widget elementor-widget-icon-box\" data-id=\"c82844e\" data-element_type=\"widget\" data-e-type=\"widget\" data-widget_type=\"icon-box.default\">\n\t\t\t\t<div class=\"elementor-widget-container\">\n\t\t\t\t\t\t\t<div class=\"elementor-icon-box-wrapper\">\n\n\t\t\t\t\t\t<div class=\"elementor-icon-box-icon\">\n\t\t\t\t<span  class=\"elementor-icon\">\n\t\t\t\t<svg aria-hidden=\"true\" class=\"e-font-icon-svg e-fas-envelope\" viewBox=\"0 0 512 512\" xmlns=\"http:\/\/www.w3.org\/2000\/svg\"><path d=\"M502.3 190.8c3.9-3.1 9.7-.2 9.7 4.7V400c0 26.5-21.5 48-48 48H48c-26.5 0-48-21.5-48-48V195.6c0-5 5.7-7.8 9.7-4.7 22.4 17.4 52.1 39.5 154.1 113.6 21.1 15.4 56.7 47.8 92.2 47.6 35.7.3 72-32.8 92.3-47.6 102-74.1 131.6-96.3 154-113.7zM256 320c23.2.4 56.6-29.2 73.4-41.4 132.7-96.3 142.8-104.7 173.4-128.7 5.8-4.5 9.2-11.5 9.2-18.9v-19c0-26.5-21.5-48-48-48H48C21.5 64 0 85.5 0 112v19c0 7.4 3.4 14.3 9.2 18.9 30.6 23.9 40.7 32.4 173.4 128.7 16.8 12.2 50.2 41.8 73.4 41.4z\"><\/path><\/svg>\t\t\t\t<\/span>\n\t\t\t<\/div>\n\t\t\t\n\t\t\t\t\t\t<div class=\"elementor-icon-box-content\">\n\n\t\t\t\t\t\t\t\t\t<h3 class=\"elementor-icon-box-title\">\n\t\t\t\t\t\t<span  >\n\t\t\t\t\t\t\tKONTAKT\t\t\t\t\t\t<\/span>\n\t\t\t\t\t<\/h3>\n\t\t\t\t\n\t\t\t\t\n\t\t\t<\/div>\n\t\t\t\n\t\t<\/div>\n\t\t\t\t\t\t<\/div>\n\t\t\t\t<\/div>\n\t\t\t\t<\/a>\n\t\t\t\t\t<\/div>\n\t\t\t\t<\/div>\n\t\t\t\t<\/div>\n\t\t","protected":false},"excerpt":{"rendered":"<p>MI\u00d3D MALINA ZOBACZ WI\u0118CEJ Osada Mi\u00f3d Malina Pomi\u0119dzy Koniakowem a Wis\u0142\u0105, na malowniczych zboczach Ma\u0142ego Beskidu, wy\u0142oni\u0142a si\u0119 Osada, kt\u00f3ra wzbudza zainteresowanie ka\u017cdego przechodnia. Nosi nazw\u0119 Osada Mi\u00f3d Malina. Stworzono j\u0105 by by\u0142a miejscem spokoju i relaksu dla przyje\u017cd\u017caj\u0105cych go\u015bci z ca\u0142ej Polski. Kameralne, ciche miejsce, stworzone z my\u015bl\u0105 o do\u015bwiadczaniu sielsko\u015bci g\u00f3r polskich. Do&#8230;<\/p>\n","protected":false},"author":1,"featured_media":0,"parent":0,"menu_order":0,"comment_status":"closed","ping_status":"closed","template":"","meta":{"_kad_post_transparent":"","_kad_post_title":"hide","_kad_post_layout":"fullwidth","_kad_post_sidebar_id":"","_kad_post_content_style":"unboxed","_kad_post_vertical_padding":"hide","_kad_post_feature":"hide","_kad_post_feature_position":"","_kad_post_header":false,"_kad_post_footer":false,"_kad_post_classname":"","footnotes":""},"class_list":["post-16","page","type-page","status-publish","hentry"],"yoast_head":"<!-- This site is optimized with the Yoast SEO plugin v27.2 - https:\/\/yoast.com\/product\/yoast-seo-wordpress\/ -->\n<title>O nas - Mi\u00f3d malina<\/title>\n<meta name=\"robots\" content=\"index, follow, max-snippet:-1, max-image-preview:large, max-video-preview:-1\" \/>\n<link rel=\"canonical\" href=\"https:\/\/osadamiodmalina.pl\/index.php\/o-nas\/\" \/>\n<meta property=\"og:locale\" content=\"pl_PL\" \/>\n<meta property=\"og:type\" content=\"article\" \/>\n<meta property=\"og:title\" content=\"O nas - Mi\u00f3d malina\" \/>\n<meta property=\"og:description\" content=\"MI\u00d3D MALINA ZOBACZ WI\u0118CEJ Osada Mi\u00f3d Malina Pomi\u0119dzy Koniakowem a Wis\u0142\u0105, na malowniczych zboczach Ma\u0142ego Beskidu, wy\u0142oni\u0142a si\u0119 Osada, kt\u00f3ra wzbudza zainteresowanie ka\u017cdego przechodnia. Nosi nazw\u0119 Osada Mi\u00f3d Malina. Stworzono j\u0105 by by\u0142a miejscem spokoju i relaksu dla przyje\u017cd\u017caj\u0105cych go\u015bci z ca\u0142ej Polski. Kameralne, ciche miejsce, stworzone z my\u015bl\u0105 o do\u015bwiadczaniu sielsko\u015bci g\u00f3r polskich. Do...\" \/>\n<meta property=\"og:url\" content=\"https:\/\/osadamiodmalina.pl\/index.php\/o-nas\/\" \/>\n<meta property=\"og:site_name\" content=\"Mi\u00f3d malina\" \/>\n<meta property=\"article:publisher\" content=\"https:\/\/www.facebook.com\/profile.php?id=100094880352115\" \/>\n<meta property=\"article:modified_time\" content=\"2024-02-17T16:13:54+00:00\" \/>\n<meta property=\"og:image\" content=\"https:\/\/osadamiodmalina.pl\/wp-content\/uploads\/2024\/01\/Logo2.png\" \/>\n<meta name=\"twitter:card\" content=\"summary_large_image\" \/>\n<meta name=\"twitter:label1\" content=\"Szacowany czas czytania\" \/>\n\t<meta name=\"twitter:data1\" content=\"1 minuta\" \/>\n<script type=\"application\/ld+json\" class=\"yoast-schema-graph\">{\"@context\":\"https:\/\/schema.org\",\"@graph\":[{\"@type\":\"WebPage\",\"@id\":\"https:\/\/osadamiodmalina.pl\/index.php\/o-nas\/\",\"url\":\"https:\/\/osadamiodmalina.pl\/index.php\/o-nas\/\",\"name\":\"O nas - Mi\u00f3d malina\",\"isPartOf\":{\"@id\":\"https:\/\/osadamiodmalina.pl\/#website\"},\"primaryImageOfPage\":{\"@id\":\"https:\/\/osadamiodmalina.pl\/index.php\/o-nas\/#primaryimage\"},\"image\":{\"@id\":\"https:\/\/osadamiodmalina.pl\/index.php\/o-nas\/#primaryimage\"},\"thumbnailUrl\":\"https:\/\/osadamiodmalina.pl\/wp-content\/uploads\/2024\/01\/Logo2.png\",\"datePublished\":\"2024-01-22T17:12:23+00:00\",\"dateModified\":\"2024-02-17T16:13:54+00:00\",\"breadcrumb\":{\"@id\":\"https:\/\/osadamiodmalina.pl\/index.php\/o-nas\/#breadcrumb\"},\"inLanguage\":\"pl-PL\",\"potentialAction\":[{\"@type\":\"ReadAction\",\"target\":[\"https:\/\/osadamiodmalina.pl\/index.php\/o-nas\/\"]}]},{\"@type\":\"ImageObject\",\"inLanguage\":\"pl-PL\",\"@id\":\"https:\/\/osadamiodmalina.pl\/index.php\/o-nas\/#primaryimage\",\"url\":\"https:\/\/osadamiodmalina.pl\/wp-content\/uploads\/2024\/01\/Logo2.png\",\"contentUrl\":\"https:\/\/osadamiodmalina.pl\/wp-content\/uploads\/2024\/01\/Logo2.png\",\"width\":500,\"height\":258},{\"@type\":\"BreadcrumbList\",\"@id\":\"https:\/\/osadamiodmalina.pl\/index.php\/o-nas\/#breadcrumb\",\"itemListElement\":[{\"@type\":\"ListItem\",\"position\":1,\"name\":\"Strona g\u0142\u00f3wna\",\"item\":\"https:\/\/osadamiodmalina.pl\/\"},{\"@type\":\"ListItem\",\"position\":2,\"name\":\"O nas\"}]},{\"@type\":\"WebSite\",\"@id\":\"https:\/\/osadamiodmalina.pl\/#website\",\"url\":\"https:\/\/osadamiodmalina.pl\/\",\"name\":\"Mi\u00f3d malina\",\"description\":\"\",\"publisher\":{\"@id\":\"https:\/\/osadamiodmalina.pl\/#organization\"},\"potentialAction\":[{\"@type\":\"SearchAction\",\"target\":{\"@type\":\"EntryPoint\",\"urlTemplate\":\"https:\/\/osadamiodmalina.pl\/?s={search_term_string}\"},\"query-input\":{\"@type\":\"PropertyValueSpecification\",\"valueRequired\":true,\"valueName\":\"search_term_string\"}}],\"inLanguage\":\"pl-PL\"},{\"@type\":\"Organization\",\"@id\":\"https:\/\/osadamiodmalina.pl\/#organization\",\"name\":\"Mi\u00f3d malina\",\"url\":\"https:\/\/osadamiodmalina.pl\/\",\"logo\":{\"@type\":\"ImageObject\",\"inLanguage\":\"pl-PL\",\"@id\":\"https:\/\/osadamiodmalina.pl\/#\/schema\/logo\/image\/\",\"url\":\"https:\/\/osadamiodmalina.pl\/wp-content\/uploads\/2024\/01\/favicon.png\",\"contentUrl\":\"https:\/\/osadamiodmalina.pl\/wp-content\/uploads\/2024\/01\/favicon.png\",\"width\":256,\"height\":256,\"caption\":\"Mi\u00f3d malina\"},\"image\":{\"@id\":\"https:\/\/osadamiodmalina.pl\/#\/schema\/logo\/image\/\"},\"sameAs\":[\"https:\/\/www.facebook.com\/profile.php?id=100094880352115\"]}]}<\/script>\n<!-- \/ Yoast SEO plugin. -->","yoast_head_json":{"title":"O nas - Mi\u00f3d malina","robots":{"index":"index","follow":"follow","max-snippet":"max-snippet:-1","max-image-preview":"max-image-preview:large","max-video-preview":"max-video-preview:-1"},"canonical":"https:\/\/osadamiodmalina.pl\/index.php\/o-nas\/","og_locale":"pl_PL","og_type":"article","og_title":"O nas - Mi\u00f3d malina","og_description":"MI\u00d3D MALINA ZOBACZ WI\u0118CEJ Osada Mi\u00f3d Malina Pomi\u0119dzy Koniakowem a Wis\u0142\u0105, na malowniczych zboczach Ma\u0142ego Beskidu, wy\u0142oni\u0142a si\u0119 Osada, kt\u00f3ra wzbudza zainteresowanie ka\u017cdego przechodnia. Nosi nazw\u0119 Osada Mi\u00f3d Malina. Stworzono j\u0105 by by\u0142a miejscem spokoju i relaksu dla przyje\u017cd\u017caj\u0105cych go\u015bci z ca\u0142ej Polski. Kameralne, ciche miejsce, stworzone z my\u015bl\u0105 o do\u015bwiadczaniu sielsko\u015bci g\u00f3r polskich. Do...","og_url":"https:\/\/osadamiodmalina.pl\/index.php\/o-nas\/","og_site_name":"Mi\u00f3d malina","article_publisher":"https:\/\/www.facebook.com\/profile.php?id=100094880352115","article_modified_time":"2024-02-17T16:13:54+00:00","og_image":[{"url":"https:\/\/osadamiodmalina.pl\/wp-content\/uploads\/2024\/01\/Logo2.png","type":"","width":"","height":""}],"twitter_card":"summary_large_image","twitter_misc":{"Szacowany czas czytania":"1 minuta"},"schema":{"@context":"https:\/\/schema.org","@graph":[{"@type":"WebPage","@id":"https:\/\/osadamiodmalina.pl\/index.php\/o-nas\/","url":"https:\/\/osadamiodmalina.pl\/index.php\/o-nas\/","name":"O nas - Mi\u00f3d malina","isPartOf":{"@id":"https:\/\/osadamiodmalina.pl\/#website"},"primaryImageOfPage":{"@id":"https:\/\/osadamiodmalina.pl\/index.php\/o-nas\/#primaryimage"},"image":{"@id":"https:\/\/osadamiodmalina.pl\/index.php\/o-nas\/#primaryimage"},"thumbnailUrl":"https:\/\/osadamiodmalina.pl\/wp-content\/uploads\/2024\/01\/Logo2.png","datePublished":"2024-01-22T17:12:23+00:00","dateModified":"2024-02-17T16:13:54+00:00","breadcrumb":{"@id":"https:\/\/osadamiodmalina.pl\/index.php\/o-nas\/#breadcrumb"},"inLanguage":"pl-PL","potentialAction":[{"@type":"ReadAction","target":["https:\/\/osadamiodmalina.pl\/index.php\/o-nas\/"]}]},{"@type":"ImageObject","inLanguage":"pl-PL","@id":"https:\/\/osadamiodmalina.pl\/index.php\/o-nas\/#primaryimage","url":"https:\/\/osadamiodmalina.pl\/wp-content\/uploads\/2024\/01\/Logo2.png","contentUrl":"https:\/\/osadamiodmalina.pl\/wp-content\/uploads\/2024\/01\/Logo2.png","width":500,"height":258},{"@type":"BreadcrumbList","@id":"https:\/\/osadamiodmalina.pl\/index.php\/o-nas\/#breadcrumb","itemListElement":[{"@type":"ListItem","position":1,"name":"Strona g\u0142\u00f3wna","item":"https:\/\/osadamiodmalina.pl\/"},{"@type":"ListItem","position":2,"name":"O nas"}]},{"@type":"WebSite","@id":"https:\/\/osadamiodmalina.pl\/#website","url":"https:\/\/osadamiodmalina.pl\/","name":"Mi\u00f3d malina","description":"","publisher":{"@id":"https:\/\/osadamiodmalina.pl\/#organization"},"potentialAction":[{"@type":"SearchAction","target":{"@type":"EntryPoint","urlTemplate":"https:\/\/osadamiodmalina.pl\/?s={search_term_string}"},"query-input":{"@type":"PropertyValueSpecification","valueRequired":true,"valueName":"search_term_string"}}],"inLanguage":"pl-PL"},{"@type":"Organization","@id":"https:\/\/osadamiodmalina.pl\/#organization","name":"Mi\u00f3d malina","url":"https:\/\/osadamiodmalina.pl\/","logo":{"@type":"ImageObject","inLanguage":"pl-PL","@id":"https:\/\/osadamiodmalina.pl\/#\/schema\/logo\/image\/","url":"https:\/\/osadamiodmalina.pl\/wp-content\/uploads\/2024\/01\/favicon.png","contentUrl":"https:\/\/osadamiodmalina.pl\/wp-content\/uploads\/2024\/01\/favicon.png","width":256,"height":256,"caption":"Mi\u00f3d malina"},"image":{"@id":"https:\/\/osadamiodmalina.pl\/#\/schema\/logo\/image\/"},"sameAs":["https:\/\/www.facebook.com\/profile.php?id=100094880352115"]}]}},"_links":{"self":[{"href":"https:\/\/osadamiodmalina.pl\/index.php\/wp-json\/wp\/v2\/pages\/16","targetHints":{"allow":["GET"]}}],"collection":[{"href":"https:\/\/osadamiodmalina.pl\/index.php\/wp-json\/wp\/v2\/pages"}],"about":[{"href":"https:\/\/osadamiodmalina.pl\/index.php\/wp-json\/wp\/v2\/types\/page"}],"author":[{"embeddable":true,"href":"https:\/\/osadamiodmalina.pl\/index.php\/wp-json\/wp\/v2\/users\/1"}],"replies":[{"embeddable":true,"href":"https:\/\/osadamiodmalina.pl\/index.php\/wp-json\/wp\/v2\/comments?post=16"}],"version-history":[{"count":40,"href":"https:\/\/osadamiodmalina.pl\/index.php\/wp-json\/wp\/v2\/pages\/16\/revisions"}],"predecessor-version":[{"id":472,"href":"https:\/\/osadamiodmalina.pl\/index.php\/wp-json\/wp\/v2\/pages\/16\/revisions\/472"}],"wp:attachment":[{"href":"https:\/\/osadamiodmalina.pl\/index.php\/wp-json\/wp\/v2\/media?parent=16"}],"curies":[{"name":"wp","href":"https:\/\/api.w.org\/{rel}","templated":true}]}}